{"id":4080,"date":"2025-06-24T14:48:31","date_gmt":"2025-06-24T13:48:31","guid":{"rendered":"https:\/\/voila.maison\/?page_id=4080"},"modified":"2026-02-13T10:31:49","modified_gmt":"2026-02-13T10:31:49","slug":"quienes-somos","status":"publish","type":"page","link":"https:\/\/voila.maison\/es\/quienes-somos\/","title":{"rendered":"Qui\u00e9nes Somos"},"content":{"rendered":"\t\t<div data-elementor-type=\"wp-page\" data-elementor-id=\"4080\" class=\"elementor elementor-4080 elementor-235\" data-elementor-post-type=\"page\">\n\t\t\t\t<div class=\"elementor-element elementor-element-fc4bbe4 titulo_um_atelie e-flex e-con-boxed e-con e-parent\" data-id=\"fc4bbe4\" data-element_type=\"container\" data-settings=\"{&quot;background_background&quot;:&quot;classic&quot;}\">\n\t\t\t\t\t<div class=\"e-con-inner\">\n\t\t\t\t<div class=\"elementor-element elementor-element-235384a elementor-widget elementor-widget-heading\" data-id=\"235384a\" data-element_type=\"widget\" data-widget_type=\"heading.default\">\n\t\t\t\t<div class=\"elementor-widget-container\">\n\t\t\t\t\t<h2 class=\"elementor-heading-title elementor-size-default\">Qui\u00e9nes Somos<\/h2>\t\t\t\t<\/div>\n\t\t\t\t<\/div>\n\t\t\t\t\t<\/div>\n\t\t\t\t<\/div>\n\t\t<div class=\"elementor-element elementor-element-a97c589 titulo_um_atelie e-flex e-con-boxed e-con e-parent\" data-id=\"a97c589\" data-element_type=\"container\" data-settings=\"{&quot;background_background&quot;:&quot;classic&quot;}\">\n\t\t\t\t\t<div class=\"e-con-inner\">\n\t\t<div class=\"elementor-element elementor-element-45119b5 e-con-full e-flex e-con e-child\" data-id=\"45119b5\" data-element_type=\"container\">\n\t\t\t\t<div class=\"elementor-element elementor-element-559015b elementor-widget elementor-widget-heading\" data-id=\"559015b\" data-element_type=\"widget\" data-widget_type=\"heading.default\">\n\t\t\t\t<div class=\"elementor-widget-container\">\n\t\t\t\t\t<h2 class=\"elementor-heading-title elementor-size-default\"><span style=\"font-style:italic\">Voil\u00e0 Maison<\/span> es la <span style=\"font-weight:500\">boutique de comunicaci\u00f3n digital<\/span>  para marcas premium.<\/h2>\t\t\t\t<\/div>\n\t\t\t\t<\/div>\n\t\t\t\t<div class=\"elementor-element elementor-element-2a48080 sobrenos voila_agora_ve elementor-widget elementor-widget-text-editor\" data-id=\"2a48080\" data-element_type=\"widget\" data-widget_type=\"text-editor.default\">\n\t\t\t\t<div class=\"elementor-widget-container\">\n\t\t\t\t\t\t\t\t\t<p>Creamos piezas de comunicaci\u00f3n y marketing con visi\u00f3n y visibilidad. Cultivamos la presencia digital de marcas con criterio, de marcas que son la expresi\u00f3n y el estilo de vida de sus clientes. De marcas que buscan intenci\u00f3n e identidad.<\/p><p>Reflejamos los valores, aspiraciones y singularidad de cada cliente: hacemos dise\u00f1o y desarrollo de marcas que sigue los c\u00f3digos visuales y narrativos de la marca; desarrollamos curadur\u00eda de redes sociales dedicada a audiencias exclusivas; aplicamos estrategias digitales para crear m\u00e1s que n\u00fameros. Creamos conexiones.<\/p>\t\t\t\t\t\t\t\t<\/div>\n\t\t\t\t<\/div>\n\t\t\t\t<div class=\"elementor-element elementor-element-3d70ce8 elementor-align-left elementor-widget elementor-widget-button\" data-id=\"3d70ce8\" data-element_type=\"widget\" data-widget_type=\"button.default\">\n\t\t\t\t<div class=\"elementor-widget-container\">\n\t\t\t\t\t\t\t\t\t<div class=\"elementor-button-wrapper\">\n\t\t\t\t\t<a class=\"elementor-button elementor-button-link elementor-size-sm\" href=\"\/es\/contactos\/#form-contacto\">\n\t\t\t\t\t\t<span class=\"elementor-button-content-wrapper\">\n\t\t\t\t\t\t\t\t\t<span class=\"elementor-button-text\">Cont\u00e1ctenos<\/span>\n\t\t\t\t\t<\/span>\n\t\t\t\t\t<\/a>\n\t\t\t\t<\/div>\n\t\t\t\t\t\t\t\t<\/div>\n\t\t\t\t<\/div>\n\t\t\t\t<\/div>\n\t\t<div class=\"elementor-element elementor-element-8c15d2c e-con-full e-flex e-con e-child\" data-id=\"8c15d2c\" data-element_type=\"container\">\n\t\t\t\t<div class=\"elementor-element elementor-element-ee60954 elementor-widget elementor-widget-image\" data-id=\"ee60954\" data-element_type=\"widget\" data-widget_type=\"image.default\">\n\t\t\t\t<div class=\"elementor-widget-container\">\n\t\t\t\t\t\t\t\t\t\t\t\t\t\t\t<img fetchpriority=\"high\" decoding=\"async\" width=\"1080\" height=\"1080\" src=\"https:\/\/voila.maison\/wp-content\/uploads\/2026\/02\/Voila-Maison-Sobre-Nos-Equipa-Diretores-1.webp\" class=\"attachment-full size-full wp-image-6585\" alt=\"\" srcset=\"https:\/\/voila.maison\/wp-content\/uploads\/2026\/02\/Voila-Maison-Sobre-Nos-Equipa-Diretores-1.webp 1080w, https:\/\/voila.maison\/wp-content\/uploads\/2026\/02\/Voila-Maison-Sobre-Nos-Equipa-Diretores-1-300x300.webp 300w, https:\/\/voila.maison\/wp-content\/uploads\/2026\/02\/Voila-Maison-Sobre-Nos-Equipa-Diretores-1-1024x1024.webp 1024w, https:\/\/voila.maison\/wp-content\/uploads\/2026\/02\/Voila-Maison-Sobre-Nos-Equipa-Diretores-1-150x150.webp 150w, https:\/\/voila.maison\/wp-content\/uploads\/2026\/02\/Voila-Maison-Sobre-Nos-Equipa-Diretores-1-768x768.webp 768w\" sizes=\"(max-width: 1080px) 100vw, 1080px\" \/>\t\t\t\t\t\t\t\t\t\t\t\t\t\t\t<\/div>\n\t\t\t\t<\/div>\n\t\t\t\t<\/div>\n\t\t\t\t\t<\/div>\n\t\t\t\t<\/div>\n\t\t<div class=\"elementor-element elementor-element-14b7285 titulo_um_atelie e-flex e-con-boxed e-con e-parent\" data-id=\"14b7285\" data-element_type=\"container\" data-settings=\"{&quot;background_background&quot;:&quot;classic&quot;}\">\n\t\t\t\t\t<div class=\"e-con-inner\">\n\t\t\t\t<div class=\"elementor-element elementor-element-47e571e elementor-widget elementor-widget-heading\" data-id=\"47e571e\" data-element_type=\"widget\" data-widget_type=\"heading.default\">\n\t\t\t\t<div class=\"elementor-widget-container\">\n\t\t\t\t\t<h2 class=\"elementor-heading-title elementor-size-default\">TRADICI\u00d3N E VISI\u00d3N<\/h2>\t\t\t\t<\/div>\n\t\t\t\t<\/div>\n\t\t<div class=\"elementor-element elementor-element-a7b26a3 e-con-full e-flex e-con e-child\" data-id=\"a7b26a3\" data-element_type=\"container\">\n\t\t<div class=\"elementor-element elementor-element-86c219c e-con-full e-flex e-con e-child\" data-id=\"86c219c\" data-element_type=\"container\">\n\t\t\t\t<div class=\"elementor-element elementor-element-8f585a6 elementor-widget elementor-widget-image\" data-id=\"8f585a6\" data-element_type=\"widget\" data-widget_type=\"image.default\">\n\t\t\t\t<div class=\"elementor-widget-container\">\n\t\t\t\t\t\t\t\t\t\t\t\t\t\t\t<img decoding=\"async\" width=\"540\" height=\"540\" src=\"https:\/\/voila.maison\/wp-content\/uploads\/2025\/09\/foto-Rodrigo.webp\" class=\"attachment-large size-large wp-image-4844\" alt=\"\" srcset=\"https:\/\/voila.maison\/wp-content\/uploads\/2025\/09\/foto-Rodrigo.webp 540w, https:\/\/voila.maison\/wp-content\/uploads\/2025\/09\/foto-Rodrigo-300x300.webp 300w, https:\/\/voila.maison\/wp-content\/uploads\/2025\/09\/foto-Rodrigo-150x150.webp 150w\" sizes=\"(max-width: 540px) 100vw, 540px\" \/>\t\t\t\t\t\t\t\t\t\t\t\t\t\t\t<\/div>\n\t\t\t\t<\/div>\n\t\t\t\t<\/div>\n\t\t<div class=\"elementor-element elementor-element-96467ab e-con-full e-flex e-con e-child\" data-id=\"96467ab\" data-element_type=\"container\">\n\t\t\t\t<div class=\"elementor-element elementor-element-b875bf4 elementor-widget elementor-widget-text-editor\" data-id=\"b875bf4\" data-element_type=\"widget\" data-widget_type=\"text-editor.default\">\n\t\t\t\t<div class=\"elementor-widget-container\">\n\t\t\t\t\t\t\t\t\t\u00ab<em>No basta con estar presente. <span style=\"font-weight: 800;\"> Tiene que ser visto<\/span>. Y cuando llega el momento adecuado&#8230; \u00a1Voil\u00e0! Ahora eche un vistazo.\u00bb\n<\/em>\u00ab\t\t\t\t\t\t\t\t<\/div>\n\t\t\t\t<\/div>\n\t\t\t\t<div class=\"elementor-element elementor-element-b7a86de sobrenos voila_agora_ve elementor-widget elementor-widget-text-editor\" data-id=\"b7a86de\" data-element_type=\"widget\" data-widget_type=\"text-editor.default\">\n\t\t\t\t<div class=\"elementor-widget-container\">\n\t\t\t\t\t\t\t\t\t<p>Rodrigo Oliveira dirige Voil\u00e0 Maison con la convicci\u00f3n de que el marketing digital debe ser m\u00e1s que presencia: debe ser impacto.<\/p><p>Cuenta con m\u00e1s de 20 a\u00f1os de experiencia desarrollando estrategias para diferentes marcas en sectores exigentes, siempre con un gran ojo para el detalle, visi\u00f3n estrat\u00e9gica y un enfoque creativo.<\/p><p>Para \u00e9l, cada marca tiene un momento de revelaci\u00f3n. El papel de Voil\u00e0 Maison es convertirlo en un acontecimiento distintivo, exclusivo y memorable.<\/p>\t\t\t\t\t\t\t\t<\/div>\n\t\t\t\t<\/div>\n\t\t\t\t<\/div>\n\t\t\t\t<\/div>\n\t\t\t\t\t<\/div>\n\t\t\t\t<\/div>\n\t\t<div class=\"elementor-element elementor-element-8f15b53 titulo_um_atelie e-flex e-con-boxed e-con e-parent\" data-id=\"8f15b53\" data-element_type=\"container\" data-settings=\"{&quot;background_background&quot;:&quot;classic&quot;}\">\n\t\t\t\t\t<div class=\"e-con-inner\">\n\t\t\t\t<div class=\"elementor-element elementor-element-23f2234 elementor-widget elementor-widget-heading\" data-id=\"23f2234\" data-element_type=\"widget\" data-widget_type=\"heading.default\">\n\t\t\t\t<div class=\"elementor-widget-container\">\n\t\t\t\t\t<h2 class=\"elementor-heading-title elementor-size-default\">C\u00d3MO HACEMOS<\/h2>\t\t\t\t<\/div>\n\t\t\t\t<\/div>\n\t\t\t\t<div class=\"elementor-element elementor-element-8959704 elementor-widget elementor-widget-image\" data-id=\"8959704\" data-element_type=\"widget\" data-widget_type=\"image.default\">\n\t\t\t\t<div class=\"elementor-widget-container\">\n\t\t\t\t\t\t\t\t\t\t\t\t\t\t\t<img decoding=\"async\" width=\"2476\" height=\"1030\" src=\"https:\/\/voila.maison\/wp-content\/uploads\/2026\/02\/Voila-Maison-Sobre-Nos-Equipa-Geral-1.webp\" class=\"attachment-full size-full wp-image-6588\" alt=\"\" srcset=\"https:\/\/voila.maison\/wp-content\/uploads\/2026\/02\/Voila-Maison-Sobre-Nos-Equipa-Geral-1.webp 2476w, https:\/\/voila.maison\/wp-content\/uploads\/2026\/02\/Voila-Maison-Sobre-Nos-Equipa-Geral-1-300x125.webp 300w, https:\/\/voila.maison\/wp-content\/uploads\/2026\/02\/Voila-Maison-Sobre-Nos-Equipa-Geral-1-1024x426.webp 1024w, https:\/\/voila.maison\/wp-content\/uploads\/2026\/02\/Voila-Maison-Sobre-Nos-Equipa-Geral-1-768x319.webp 768w, https:\/\/voila.maison\/wp-content\/uploads\/2026\/02\/Voila-Maison-Sobre-Nos-Equipa-Geral-1-1536x639.webp 1536w, https:\/\/voila.maison\/wp-content\/uploads\/2026\/02\/Voila-Maison-Sobre-Nos-Equipa-Geral-1-2048x852.webp 2048w\" sizes=\"(max-width: 2476px) 100vw, 2476px\" \/>\t\t\t\t\t\t\t\t\t\t\t\t\t\t\t<\/div>\n\t\t\t\t<\/div>\n\t\t<div class=\"elementor-element elementor-element-923e629 e-con-full e-flex e-con e-child\" data-id=\"923e629\" data-element_type=\"container\">\n\t\t<div class=\"elementor-element elementor-element-90b35df e-con-full e-flex e-con e-child\" data-id=\"90b35df\" data-element_type=\"container\">\n\t\t\t\t<div class=\"elementor-element elementor-element-1d4c116 elementor-widget elementor-widget-text-editor\" data-id=\"1d4c116\" data-element_type=\"widget\" data-widget_type=\"text-editor.default\">\n\t\t\t\t<div class=\"elementor-widget-container\">\n\t\t\t\t\t\t\t\t\t<strong>NO SEGUIMOS F\u00d3RMULAS.<\/strong>\nDise\u00f1amos soluciones a medida. \t\t\t\t\t\t\t\t<\/div>\n\t\t\t\t<\/div>\n\t\t\t\t<div class=\"elementor-element elementor-element-95e8440 elementor-widget elementor-widget-text-editor\" data-id=\"95e8440\" data-element_type=\"widget\" data-widget_type=\"text-editor.default\">\n\t\t\t\t<div class=\"elementor-widget-container\">\n\t\t\t\t\t\t\t\t\t<p>Creamos estrategias de desarrollo de marcas, contenidos y comunicaci\u00f3n digital que traducen la esencia de cada marca: historia, prestigio, misi\u00f3n.<\/p><p>Trabajamos cada pieza de comunicaci\u00f3n bajo una direcci\u00f3n art\u00edstica de alto nivel, con una redacci\u00f3n publicitaria refinada y un dise\u00f1o que podr\u00eda estar en una publicaci\u00f3n de lujo, manteniendo siempre la sofisticaci\u00f3n y la herencia visual de la marca.<\/p>\t\t\t\t\t\t\t\t<\/div>\n\t\t\t\t<\/div>\n\t\t\t\t<\/div>\n\t\t<div class=\"elementor-element elementor-element-920cdf9 e-con-full e-flex e-con e-child\" data-id=\"920cdf9\" data-element_type=\"container\">\n\t\t\t\t<div class=\"elementor-element elementor-element-fb85834 elementor-widget elementor-widget-text-editor\" data-id=\"fb85834\" data-element_type=\"widget\" data-widget_type=\"text-editor.default\">\n\t\t\t\t<div class=\"elementor-widget-container\">\n\t\t\t\t\t\t\t\t\t<b>NO CREAMOS PARA TODOS.\u2028<\/b>\nCreamos para quienes quieren dejar su huella. \t\t\t\t\t\t\t\t<\/div>\n\t\t\t\t<\/div>\n\t\t\t\t<div class=\"elementor-element elementor-element-0ad741d elementor-widget elementor-widget-text-editor\" data-id=\"0ad741d\" data-element_type=\"widget\" data-widget_type=\"text-editor.default\">\n\t\t\t\t<div class=\"elementor-widget-container\">\n\t\t\t\t\t\t\t\t\tEn lugar de seguir tendencias e influencias, creamos referencias. Sabemos qui\u00e9nes son y a qui\u00e9n quieren llegar. Orquestamos experiencias digitales que captan la atenci\u00f3n y consolidan el posicionamiento y la imagen de las marcas, alineadas con sus valores y los de su p\u00fablico exclusivo. \t\t\t\t\t\t\t\t<\/div>\n\t\t\t\t<\/div>\n\t\t\t\t<\/div>\n\t\t<div class=\"elementor-element elementor-element-83e0ad1 e-con-full e-flex e-con e-child\" data-id=\"83e0ad1\" data-element_type=\"container\">\n\t\t\t\t<div class=\"elementor-element elementor-element-bcec532 elementor-widget elementor-widget-text-editor\" data-id=\"bcec532\" data-element_type=\"widget\" data-widget_type=\"text-editor.default\">\n\t\t\t\t<div class=\"elementor-widget-container\">\n\t\t\t\t\t\t\t\t\t<strong>M\u00c1S QUE UNA AGENCIA DE MARKETING DIGITAL. <\/strong>\nSomos socios estrat\u00e9gicos.\n\t\t\t\t\t\t\t\t<\/div>\n\t\t\t\t<\/div>\n\t\t\t\t<div class=\"elementor-element elementor-element-ba68437 elementor-widget elementor-widget-text-editor\" data-id=\"ba68437\" data-element_type=\"widget\" data-widget_type=\"text-editor.default\">\n\t\t\t\t<div class=\"elementor-widget-container\">\n\t\t\t\t\t\t\t\t\t<p>Saber comunicar es un activo esencial en el plan de negocio de las marcas con visi\u00f3n. Establecemos relaciones estrechas e individualizadas basadas en la confianza, el respeto y la autenticidad.<\/p><p>Voil\u00e0 Maison es m\u00e1s que una agencia de comunicaci\u00f3n digital. Es el socio estrat\u00e9gico que va m\u00e1s all\u00e1 de las m\u00e9tricas. Es la parte creativa basada en la realidad. Es la casa de los que observan para revelar.<\/p><p>\u00a1Voil\u00e0! Ahora eche un vistazo.<\/p>\t\t\t\t\t\t\t\t<\/div>\n\t\t\t\t<\/div>\n\t\t\t\t<\/div>\n\t\t\t\t<\/div>\n\t\t\t\t<div class=\"elementor-element elementor-element-2ed0735 elementor-align-center elementor-widget elementor-widget-button\" data-id=\"2ed0735\" data-element_type=\"widget\" data-widget_type=\"button.default\">\n\t\t\t\t<div class=\"elementor-widget-container\">\n\t\t\t\t\t\t\t\t\t<div class=\"elementor-button-wrapper\">\n\t\t\t\t\t<a class=\"elementor-button elementor-button-link elementor-size-sm\" href=\"https:\/\/voila.maison\/es\/cases\/\">\n\t\t\t\t\t\t<span class=\"elementor-button-content-wrapper\">\n\t\t\t\t\t\t\t\t\t<span class=\"elementor-button-text\">Todos los casos<\/span>\n\t\t\t\t\t<\/span>\n\t\t\t\t\t<\/a>\n\t\t\t\t<\/div>\n\t\t\t\t\t\t\t\t<\/div>\n\t\t\t\t<\/div>\n\t\t\t\t\t<\/div>\n\t\t\t\t<\/div>\n\t\t<div class=\"elementor-element elementor-element-c240a75 titulo_um_atelie e-flex e-con-boxed e-con e-parent\" data-id=\"c240a75\" data-element_type=\"container\" data-settings=\"{&quot;background_background&quot;:&quot;classic&quot;}\">\n\t\t\t\t\t<div class=\"e-con-inner\">\n\t\t\t\t<div class=\"elementor-element elementor-element-c085dfc elementor-widget elementor-widget-heading\" data-id=\"c085dfc\" data-element_type=\"widget\" data-widget_type=\"heading.default\">\n\t\t\t\t<div class=\"elementor-widget-container\">\n\t\t\t\t\t<h2 class=\"elementor-heading-title elementor-size-default\">EQUIPO<\/h2>\t\t\t\t<\/div>\n\t\t\t\t<\/div>\n\t\t\t\t<div class=\"elementor-element elementor-element-9b47b1c elementor-widget elementor-widget-voila_swiper\" data-id=\"9b47b1c\" data-element_type=\"widget\" data-widget_type=\"voila_swiper.default\">\n\t\t\t\t<div class=\"elementor-widget-container\">\n\t\t\t\t\t<div class=\"swiper voila-swiper area equipa\"><div class=\"swiper-wrapper\"><div class=\"swiper-slide equipa\" style=\"background-image: url('https:\/\/voila.maison\/wp-content\/uploads\/2025\/09\/Rodrigo-1.webp'); background-size: cover; background-position: center; border-radius:10px\"><div class=\"slide-content\"><h3>Rodrigo Oliveira<\/h3><p>Chief Executive Officer<\/p><\/div><\/div><div class=\"swiper-slide equipa\" style=\"background-image: url('https:\/\/voila.maison\/wp-content\/uploads\/2025\/09\/Tito-1.webp'); background-size: cover; background-position: center; border-radius:10px\"><div class=\"slide-content\"><h3>Tito Oliveira<\/h3><p>Technology Operations Director <\/p><\/div><\/div><div class=\"swiper-slide equipa\" style=\"background-image: url('https:\/\/voila.maison\/wp-content\/uploads\/2025\/09\/Rita-1.webp'); background-size: cover; background-position: center; border-radius:10px\"><div class=\"slide-content\"><h3>Rita Lourido<\/h3><p>Marketing Operations Director<\/p><\/div><\/div><div class=\"swiper-slide equipa\" style=\"background-image: url('https:\/\/voila.maison\/wp-content\/uploads\/2025\/09\/Romulo-1.webp'); background-size: cover; background-position: center; border-radius:10px\"><div class=\"slide-content\"><h3>Romulo Barreto<\/h3><p>Human Resources Director<\/p><\/div><\/div><\/div><div class=\"swiper-pagination\"><\/div><\/div>       \r\n        <script>\r\n        document.addEventListener('DOMContentLoaded', function () {\r\n            new Swiper('.voila-swiper.area.equipa', {\r\n                spaceBetween: 20,\r\n              \r\n                breakpoints: {\r\n                    1024: { slidesPerView: 3.5 },\r\n                    768: { slidesPerView: 2.4 },\r\n                    0: { slidesPerView: 1.3 }\r\n                }\r\n            });\r\n        });\r\n        document.addEventListener('DOMContentLoaded', function () {\r\n            new Swiper('.voila-swiper.area.acf', {\r\n                spaceBetween: 20,\r\n              \r\n                breakpoints: {\r\n                    1024: { slidesPerView: 3.5 },\r\n                    768: { slidesPerView: 2.4 },\r\n                    0: { slidesPerView: 1.3 }\r\n                }\r\n            });\r\n        });\r\n        <\/script>\r\n        \r\n        \t\t\t\t<\/div>\n\t\t\t\t<\/div>\n\t\t\t\t\t<\/div>\n\t\t\t\t<\/div>\n\t\t\t\t<\/div>\n\t\t","protected":false},"excerpt":{"rendered":"<p>Voil\u00e0 Maison es la boutique de comunicaci\u00f3n digital para marcas premium. Creamos piezas de comunicaci\u00f3n y marketing con visi\u00f3n y visibilidad. Cultivamos la presencia digital de marcas con criterio, de marcas que son la expresi\u00f3n y el estilo de vida de sus clientes. De marcas que buscan intenci\u00f3n e identidad. Reflejamos los valores, aspiraciones y [&hellip;]<\/p>\n","protected":false},"author":3,"featured_media":0,"parent":0,"menu_order":0,"comment_status":"closed","ping_status":"closed","template":"","meta":{"_acf_changed":false,"inline_featured_image":false,"footnotes":""},"class_list":["post-4080","page","type-page","status-publish","hentry"],"acf":[],"_links":{"self":[{"href":"https:\/\/voila.maison\/es\/wp-json\/wp\/v2\/pages\/4080","targetHints":{"allow":["GET"]}}],"collection":[{"href":"https:\/\/voila.maison\/es\/wp-json\/wp\/v2\/pages"}],"about":[{"href":"https:\/\/voila.maison\/es\/wp-json\/wp\/v2\/types\/page"}],"author":[{"embeddable":true,"href":"https:\/\/voila.maison\/es\/wp-json\/wp\/v2\/users\/3"}],"replies":[{"embeddable":true,"href":"https:\/\/voila.maison\/es\/wp-json\/wp\/v2\/comments?post=4080"}],"version-history":[{"count":21,"href":"https:\/\/voila.maison\/es\/wp-json\/wp\/v2\/pages\/4080\/revisions"}],"predecessor-version":[{"id":6594,"href":"https:\/\/voila.maison\/es\/wp-json\/wp\/v2\/pages\/4080\/revisions\/6594"}],"wp:attachment":[{"href":"https:\/\/voila.maison\/es\/wp-json\/wp\/v2\/media?parent=4080"}],"curies":[{"name":"wp","href":"https:\/\/api.w.org\/{rel}","templated":true}]}}