{"id":4054,"date":"2025-06-24T14:48:24","date_gmt":"2025-06-24T13:48:24","guid":{"rendered":"https:\/\/voila.maison\/?page_id=4054"},"modified":"2025-08-29T18:55:13","modified_gmt":"2025-08-29T17:55:13","slug":"cases","status":"publish","type":"page","link":"https:\/\/voila.maison\/es\/cases\/","title":{"rendered":"Casos"},"content":{"rendered":"\t\t<div data-elementor-type=\"wp-page\" data-elementor-id=\"4054\" class=\"elementor elementor-4054 elementor-233\" data-elementor-post-type=\"page\">\n\t\t\t\t<div class=\"elementor-element elementor-element-c42c62f outros_cases main-molduras titulo_um_atelie e-flex e-con-boxed e-con e-parent\" data-id=\"c42c62f\" data-element_type=\"container\" data-settings=\"{&quot;background_background&quot;:&quot;classic&quot;}\">\n\t\t\t\t\t<div class=\"e-con-inner\">\n\t\t\t\t<div class=\"elementor-element elementor-element-1eecc6c elementor-widget elementor-widget-heading\" data-id=\"1eecc6c\" data-element_type=\"widget\" data-widget_type=\"heading.default\">\n\t\t\t\t<div class=\"elementor-widget-container\">\n\t\t\t\t\t<h2 class=\"elementor-heading-title elementor-size-default\">Cases<\/h2>\t\t\t\t<\/div>\n\t\t\t\t<\/div>\n\t\t\t\t<div class=\"elementor-element elementor-element-510326d outros-cases elementor-widget elementor-widget-shortcode\" data-id=\"510326d\" data-element_type=\"widget\" data-widget_type=\"shortcode.default\">\n\t\t\t\t<div class=\"elementor-widget-container\">\n\t\t\t\t\t\t\t<div class=\"elementor-shortcode\"><div class=\"filtros-ativos\"><div class=\"filtros-opcoes-ativas\"><\/div><\/div>\n\n<div id=\"lista-filtrada\"><\/div>\n\n<\/div>\n\t\t\t\t\t\t<\/div>\n\t\t\t\t<\/div>\n\t\t\t\t<div class=\"elementor-element elementor-element-0e2e70f elementor-align-center elementor-widget elementor-widget-button\" data-id=\"0e2e70f\" data-element_type=\"widget\" data-widget_type=\"button.default\">\n\t\t\t\t<div class=\"elementor-widget-container\">\n\t\t\t\t\t\t\t\t\t<div class=\"elementor-button-wrapper\">\n\t\t\t\t\t<a class=\"elementor-button elementor-size-sm\" role=\"button\" id=\"carregar-mais-cases\">\n\t\t\t\t\t\t<span class=\"elementor-button-content-wrapper\">\n\t\t\t\t\t\t\t\t\t<span class=\"elementor-button-text\">Cargar m\u00e1s casos<\/span>\n\t\t\t\t\t<\/span>\n\t\t\t\t\t<\/a>\n\t\t\t\t<\/div>\n\t\t\t\t\t\t\t\t<\/div>\n\t\t\t\t<\/div>\n\t\t\t\t<div class=\"elementor-element elementor-element-a8e29ab botao_filtros elementor-align-right elementor-fixed elementor-widget elementor-widget-button\" data-id=\"a8e29ab\" data-element_type=\"widget\" data-settings=\"{&quot;_position&quot;:&quot;fixed&quot;}\" data-widget_type=\"button.default\">\n\t\t\t\t<div class=\"elementor-widget-container\">\n\t\t\t\t\t\t\t\t\t<div class=\"elementor-button-wrapper\">\n\t\t\t\t\t<a class=\"elementor-button elementor-size-sm\" role=\"button\">\n\t\t\t\t\t\t<span class=\"elementor-button-content-wrapper\">\n\t\t\t\t\t\t<span class=\"elementor-button-icon\">\n\t\t\t\t<svg xmlns=\"http:\/\/www.w3.org\/2000\/svg\" width=\"30\" height=\"23\" viewBox=\"0 0 30 23\" fill=\"none\"><path d=\"M28.6217 3.86364H11.3766C11.0005 3.86364 10.6956 3.55871 10.6956 3.18255C10.6956 2.80639 11.0005 2.50146 11.3766 2.50146H28.6217C28.9978 2.50146 29.3028 2.80639 29.3028 3.18255C29.3028 3.55871 28.9978 3.86364 28.6217 3.86364Z\" fill=\"white\"><\/path><path d=\"M6.66903 3.86364H1.37835C1.00219 3.86364 0.697266 3.55871 0.697266 3.18255C0.697266 2.80639 1.00219 2.50146 1.37835 2.50146H6.66903C7.04519 2.50146 7.35011 2.80639 7.35011 3.18255C7.35011 3.55871 7.04519 3.86364 6.66903 3.86364Z\" fill=\"white\"><\/path><path d=\"M28.6219 11.8265H24.9311C24.555 11.8265 24.25 11.5215 24.25 11.1454C24.25 10.7693 24.555 10.4644 24.9311 10.4644H28.6219C28.998 10.4644 29.303 10.7693 29.303 11.1454C29.303 11.5215 28.998 11.8265 28.6219 11.8265Z\" fill=\"white\"><\/path><path d=\"M20.2233 11.8265H1.37835C1.00219 11.8265 0.697266 11.5215 0.697266 11.1454C0.697266 10.7693 1.00219 10.4644 1.37835 10.4644H20.2233C20.5994 10.4644 20.9044 10.7693 20.9044 11.1454C20.9044 11.5215 20.5995 11.8265 20.2233 11.8265Z\" fill=\"white\"><\/path><path d=\"M28.6219 19.7899H15.6513C15.2752 19.7899 14.9702 19.4849 14.9702 19.1088C14.9702 18.7327 15.2752 18.4277 15.6513 18.4277H28.6219C28.998 18.4277 29.303 18.7327 29.303 19.1088C29.303 19.4849 28.998 19.7899 28.6219 19.7899Z\" fill=\"white\"><\/path><path d=\"M10.9435 19.7899H1.37835C1.00219 19.7899 0.697266 19.4849 0.697266 19.1088C0.697266 18.7327 1.00219 18.4277 1.37835 18.4277H10.9435C11.3197 18.4277 11.6246 18.7327 11.6246 19.1088C11.6246 19.4849 11.3197 19.7899 10.9435 19.7899Z\" fill=\"white\"><\/path><path d=\"M9.02296 6.2173C7.34953 6.2173 5.98804 4.85588 5.98804 3.18238C5.98804 1.50888 7.34953 0.147461 9.02296 0.147461C10.6964 0.147461 12.0579 1.50895 12.0579 3.18238C12.0579 4.85581 10.6965 6.2173 9.02296 6.2173ZM9.02296 1.5097C8.10063 1.5097 7.35021 2.26012 7.35021 3.18245C7.35021 4.10478 8.10063 4.8552 9.02296 4.8552C9.94528 4.8552 10.6957 4.10478 10.6957 3.18245C10.6957 2.26005 9.94528 1.5097 9.02296 1.5097Z\" fill=\"white\"><\/path><path d=\"M22.5772 14.1807C20.9037 14.1807 19.5422 12.8193 19.5422 11.1458C19.5422 9.47226 20.9037 8.11084 22.5772 8.11084C24.2507 8.11084 25.6121 9.47233 25.6121 11.1458C25.6121 12.8192 24.2506 14.1807 22.5772 14.1807ZM22.5772 9.47308C21.6548 9.47308 20.9044 10.2235 20.9044 11.1458C20.9044 12.0682 21.6548 12.8186 22.5772 12.8186C23.4996 12.8186 24.25 12.0682 24.25 11.1458C24.25 10.2234 23.4996 9.47308 22.5772 9.47308Z\" fill=\"white\"><\/path><path d=\"M13.2974 22.1475C11.6239 22.1475 10.2625 20.7861 10.2625 19.1126C10.2625 17.4391 11.6239 16.0776 13.2974 16.0776C14.9708 16.0776 16.3323 17.4391 16.3323 19.1126C16.3323 20.7861 14.9708 22.1475 13.2974 22.1475ZM13.2974 17.4399C12.375 17.4399 11.6246 18.1903 11.6246 19.1126C11.6246 20.035 12.375 20.7854 13.2974 20.7854C14.2197 20.7854 14.9701 20.035 14.9701 19.1126C14.9701 18.1902 14.2197 17.4399 13.2974 17.4399Z\" fill=\"white\"><\/path><\/svg>\t\t\t<\/span>\n\t\t\t\t\t\t\t\t<\/span>\n\t\t\t\t\t<\/a>\n\t\t\t\t<\/div>\n\t\t\t\t\t\t\t\t<\/div>\n\t\t\t\t<\/div>\n\t\t\t\t\t<\/div>\n\t\t\t\t<\/div>\n\t\t<div class=\"elementor-element elementor-element-c287168 filtros-cases e-con-full e-flex e-con e-parent\" data-id=\"c287168\" data-element_type=\"container\" data-settings=\"{&quot;background_background&quot;:&quot;classic&quot;,&quot;position&quot;:&quot;fixed&quot;}\">\n\t\t\t\t<div class=\"elementor-element elementor-element-f6bfbe2 botao_filtros_fechar botao_filtros elementor-mobile-align-right elementor-widget elementor-widget-button\" data-id=\"f6bfbe2\" data-element_type=\"widget\" data-widget_type=\"button.default\">\n\t\t\t\t<div class=\"elementor-widget-container\">\n\t\t\t\t\t\t\t\t\t<div class=\"elementor-button-wrapper\">\n\t\t\t\t\t<a class=\"elementor-button elementor-size-sm\" role=\"button\">\n\t\t\t\t\t\t<span class=\"elementor-button-content-wrapper\">\n\t\t\t\t\t\t<span class=\"elementor-button-icon\">\n\t\t\t\t<svg xmlns=\"http:\/\/www.w3.org\/2000\/svg\" width=\"40\" height=\"40\" viewBox=\"0 0 40 40\" fill=\"none\"><path d=\"M31.6666 10.6835L29.3166 8.3335L20 17.6502L10.6833 8.3335L8.33331 10.6835L17.65 20.0002L8.33331 29.3168L10.6833 31.6668L20 22.3502L29.3166 31.6668L31.6666 29.3168L22.35 20.0002L31.6666 10.6835Z\" fill=\"white\"><\/path><\/svg>\t\t\t<\/span>\n\t\t\t\t\t\t\t\t<\/span>\n\t\t\t\t\t<\/a>\n\t\t\t\t<\/div>\n\t\t\t\t\t\t\t\t<\/div>\n\t\t\t\t<\/div>\n\t\t\t\t<div class=\"elementor-element elementor-element-e28e266 elementor-widget elementor-widget-filtro_dinamico_widget\" data-id=\"e28e266\" data-element_type=\"widget\" data-widget_type=\"filtro_dinamico_widget.default\">\n\t\t\t\t<div class=\"elementor-widget-container\">\n\t\t\t\t\t<form id=\"filtro-elementor-form\" method=\"GET\" class=\"filtro-elementor-form\" action=\"\">\r\n    <div class=\"filtrar-opcoes-cases filtro-area\">\r\n        <h4 class=\"titulo-acordeao\">Categor\u00edas<\/h4>\r\n        <div class=\"conteudo-acordeao\">\r\n                            <label>\r\n                    <input type=\"checkbox\" name=\"area\" value=\"turismo-es\" >\r\n                    <span>Turismo<\/span>\r\n                <\/label>\r\n                            <label>\r\n                    <input type=\"checkbox\" name=\"area\" value=\"hosteleria\" >\r\n                    <span>Hosteler\u00eda<\/span>\r\n                <\/label>\r\n                            <label>\r\n                    <input type=\"checkbox\" name=\"area\" value=\"gastronomia-es\" >\r\n                    <span>Gastronom\u00eda<\/span>\r\n                <\/label>\r\n                            <label>\r\n                    <input type=\"checkbox\" name=\"area\" value=\"inmobiliario\" >\r\n                    <span>Inmobiliario<\/span>\r\n                <\/label>\r\n                            <label>\r\n                    <input type=\"checkbox\" name=\"area\" value=\"bienestar-y-deporte\" >\r\n                    <span>Bienestar y Deporte<\/span>\r\n                <\/label>\r\n                            <label>\r\n                    <input type=\"checkbox\" name=\"area\" value=\"producto\" >\r\n                    <span>Producto<\/span>\r\n                <\/label>\r\n                            <label>\r\n                    <input type=\"checkbox\" name=\"area\" value=\"agricultura-y-bricolaje\" >\r\n                    <span>Agricultura y bricolaje<\/span>\r\n                <\/label>\r\n                            <label>\r\n                    <input type=\"checkbox\" name=\"area\" value=\"formacion\" >\r\n                    <span>Formaci\u00f3n<\/span>\r\n                <\/label>\r\n                            <label>\r\n                    <input type=\"checkbox\" name=\"area\" value=\"otros\" >\r\n                    <span>Otros<\/span>\r\n                <\/label>\r\n                    <\/div>\r\n    <\/div>\r\n\r\n    <div class=\"filtrar-opcoes-cases filtro-servico\">\r\n        <h4 class=\"titulo-acordeao\">Servicios<\/h4>\r\n        <div class=\"conteudo-acordeao\">\r\n                            <label>\r\n                    <input type=\"checkbox\" name=\"servico\" value=\"redes-sociales\" >\r\n                    <span>Redes Sociales<\/span>\r\n                <\/label>\r\n                            <label>\r\n                    <input type=\"checkbox\" name=\"servico\" value=\"correo-electronico-marketing\" >\r\n                    <span>Correo Electr\u00f3nico Marketing<\/span>\r\n                <\/label>\r\n                            <label>\r\n                    <input type=\"checkbox\" name=\"servico\" value=\"diseno\" >\r\n                    <span>Dise\u00f1o<\/span>\r\n                <\/label>\r\n                            <label>\r\n                    <input type=\"checkbox\" name=\"servico\" value=\"fotografia-es\" >\r\n                    <span>Fotograf\u00eda<\/span>\r\n                <\/label>\r\n                            <label>\r\n                    <input type=\"checkbox\" name=\"servico\" value=\"video-es\" >\r\n                    <span>V\u00eddeo<\/span>\r\n                <\/label>\r\n                            <label>\r\n                    <input type=\"checkbox\" name=\"servico\" value=\"blog-es\" >\r\n                    <span>Blog<\/span>\r\n                <\/label>\r\n                            <label>\r\n                    <input type=\"checkbox\" name=\"servico\" value=\"cobertura-de-eventos-es\" >\r\n                    <span>Cobertura de eventos<\/span>\r\n                <\/label>\r\n                            <label>\r\n                    <input type=\"checkbox\" name=\"servico\" value=\"pagina-de-aterrizaje\" >\r\n                    <span>P\u00e1gina de aterrizaje<\/span>\r\n                <\/label>\r\n                            <label>\r\n                    <input type=\"checkbox\" name=\"servico\" value=\"seo-es\" >\r\n                    <span>SEO<\/span>\r\n                <\/label>\r\n                            <label>\r\n                    <input type=\"checkbox\" name=\"servico\" value=\"campanas-de-resultados\" >\r\n                    <span>Campa\u00f1as de resultados<\/span>\r\n                <\/label>\r\n                            <label>\r\n                    <input type=\"checkbox\" name=\"servico\" value=\"crm-es\" >\r\n                    <span>CRM<\/span>\r\n                <\/label>\r\n                            <label>\r\n                    <input type=\"checkbox\" name=\"servico\" value=\"redaccion-publicitaria\" >\r\n                    <span>Redacci\u00f3n publicitaria<\/span>\r\n                <\/label>\r\n                            <label>\r\n                    <input type=\"checkbox\" name=\"servico\" value=\"desarrollo-de-marcas\" >\r\n                    <span>Desarrollo de Marcas<\/span>\r\n                <\/label>\r\n                            <label>\r\n                    <input type=\"checkbox\" name=\"servico\" value=\"sitio-web\" >\r\n                    <span>Sitio web<\/span>\r\n                <\/label>\r\n                    <\/div>\r\n    <\/div>\r\n<\/form>\r\n\r\n    <div class=\"elementor-element elementor-element-27318dd elementor-align-center elementor-widget elementor-widget-button\"data-element_type=\"widget\" data-widget_type=\"button.default\">\r\n        <div class=\"elementor-widget-container\">\r\n            <div class=\"elementor-button-wrapper\">\r\n                <a class=\"elementor-button elementor-button-link elementor-size-sm\" href=\"\/cases\">\r\n                    <span class=\"elementor-button-content-wrapper\">\r\n                        <span class=\"elementor-button-text\">Todos los Casos<\/span>\r\n                    <\/span>\r\n                <\/a>\r\n            <\/div>\r\n        <\/div>\r\n    <\/div>\r\n    \t\t\t\t<\/div>\n\t\t\t\t<\/div>\n\t\t\t\t<\/div>\n\t\t\t\t<\/div>\n\t\t","protected":false},"excerpt":{"rendered":"<p>Cases Cargar m\u00e1s casos Categorias Turismo Hotelaria Gastronomia Real Estate Wellness &amp; Sports Produto Agricultura &amp; Bricolage Educa\u00e7\u00e3o Outros Servi\u00e7os Blog Branding Campanhas Performance Cobertura de Eventos Copywriting CRM Design E-mail Marketing Fotografia Landing Page Packaging Redes Sociais SEO UGC V\u00eddeo Website Todos os Cases<\/p>\n","protected":false},"author":3,"featured_media":0,"parent":0,"menu_order":0,"comment_status":"closed","ping_status":"closed","template":"","meta":{"_acf_changed":false,"inline_featured_image":false,"footnotes":""},"class_list":["post-4054","page","type-page","status-publish","hentry"],"acf":[],"_links":{"self":[{"href":"https:\/\/voila.maison\/es\/wp-json\/wp\/v2\/pages\/4054","targetHints":{"allow":["GET"]}}],"collection":[{"href":"https:\/\/voila.maison\/es\/wp-json\/wp\/v2\/pages"}],"about":[{"href":"https:\/\/voila.maison\/es\/wp-json\/wp\/v2\/types\/page"}],"author":[{"embeddable":true,"href":"https:\/\/voila.maison\/es\/wp-json\/wp\/v2\/users\/3"}],"replies":[{"embeddable":true,"href":"https:\/\/voila.maison\/es\/wp-json\/wp\/v2\/comments?post=4054"}],"version-history":[{"count":0,"href":"https:\/\/voila.maison\/es\/wp-json\/wp\/v2\/pages\/4054\/revisions"}],"wp:attachment":[{"href":"https:\/\/voila.maison\/es\/wp-json\/wp\/v2\/media?parent=4054"}],"curies":[{"name":"wp","href":"https:\/\/api.w.org\/{rel}","templated":true}]}}